{"id":2,"date":"2016-05-10T03:48:21","date_gmt":"2016-05-10T03:48:21","guid":{"rendered":"http:\/\/wp452m.a10-52-158-154.qa.plesk.ru\/wordpress\/?page_id=2"},"modified":"2020-07-26T15:44:38","modified_gmt":"2020-07-26T15:44:38","slug":"sample-page","status":"publish","type":"page","link":"https:\/\/www.fix-it-net.de\/","title":{"rendered":"Was machen wir"},"content":{"rendered":"<p>Wir\u00a0sind ihr kompetenter und zuverl\u00e4ssiger Partner f\u00fcr den Service und Aufbau von Fitnessger\u00e4ten.<\/p>\n<p><em>Mit langj\u00e4hriger Erfahrung in der Branche arbeiten wir seit 1995 mit namenhaften Herstellern wie Precor, Life Fitness, Gym 80, Stairmaster und vielen weiteren erfolgreich zusammen.<\/em><\/p>\n","protected":false},"excerpt":{"rendered":"<p>Wir\u00a0sind ihr kompetenter und zuverl\u00e4ssiger Partner f\u00fcr den Service und Aufbau von Fitnessger\u00e4ten. Mit langj\u00e4hriger Erfahrung in der Branche arbeiten wir seit 1995 mit namenhaften Herstellern wie&hellip; <span class=\"read-more\"><a class=\"more-link\" href=\"https:\/\/www.fix-it-net.de\/\" rel=\"bookmark\"><span class=\"screen-reader-text\">&#8222;Was machen wir&#8220;<\/span> weiterlesen<\/a><\/span><\/p>\n","protected":false},"author":1,"featured_media":24,"parent":0,"menu_order":0,"comment_status":"closed","ping_status":"closed","template":"","meta":{"footnotes":""},"class_list":["post-2","page","type-page","status-publish","has-post-thumbnail","hentry"],"_links":{"self":[{"href":"https:\/\/www.fix-it-net.de\/index.php?rest_route=\/wp\/v2\/pages\/2","targetHints":{"allow":["GET"]}}],"collection":[{"href":"https:\/\/www.fix-it-net.de\/index.php?rest_route=\/wp\/v2\/pages"}],"about":[{"href":"https:\/\/www.fix-it-net.de\/index.php?rest_route=\/wp\/v2\/types\/page"}],"author":[{"embeddable":true,"href":"https:\/\/www.fix-it-net.de\/index.php?rest_route=\/wp\/v2\/users\/1"}],"replies":[{"embeddable":true,"href":"https:\/\/www.fix-it-net.de\/index.php?rest_route=%2Fwp%2Fv2%2Fcomments&post=2"}],"version-history":[{"count":13,"href":"https:\/\/www.fix-it-net.de\/index.php?rest_route=\/wp\/v2\/pages\/2\/revisions"}],"predecessor-version":[{"id":109,"href":"https:\/\/www.fix-it-net.de\/index.php?rest_route=\/wp\/v2\/pages\/2\/revisions\/109"}],"wp:featuredmedia":[{"embeddable":true,"href":"https:\/\/www.fix-it-net.de\/index.php?rest_route=\/wp\/v2\/media\/24"}],"wp:attachment":[{"href":"https:\/\/www.fix-it-net.de\/index.php?rest_route=%2Fwp%2Fv2%2Fmedia&parent=2"}],"curies":[{"name":"wp","href":"https:\/\/api.w.org\/{rel}","templated":true}]}}